{"id":1076,"date":"2024-01-31T14:20:07","date_gmt":"2024-01-31T13:20:07","guid":{"rendered":"http:\/\/yunmen.fr\/?page_id=1076"},"modified":"2024-08-25T12:29:41","modified_gmt":"2024-08-25T10:29:41","slug":"le-qui-suis-je","status":"publish","type":"page","link":"https:\/\/yunmen.fr\/index.php\/le-qui-suis-je\/","title":{"rendered":"LE QUI SUIS-JE"},"content":{"rendered":"<div data-colibri-id=\"1076-c1\" class=\"style-388 style-local-1076-c1 position-relative\">\n  <!---->\n  <div data-colibri-component=\"section\" data-colibri-id=\"1076-c2\" id=\"initial-content\" class=\"h-section h-section-global-spacing d-flex align-items-lg-center align-items-md-center align-items-center style-389 style-local-1076-c2 position-relative\">\n    <!---->\n    <!---->\n    <div class=\"h-section-grid-container h-section-boxed-container\">\n      <!---->\n      <div data-colibri-id=\"1076-c3\" class=\"h-row-container gutters-row-lg-2 gutters-row-md-2 gutters-row-0 gutters-row-v-lg-2 gutters-row-v-md-2 gutters-row-v-2 style-613 style-local-1076-c3 position-relative\">\n        <!---->\n        <div class=\"h-row justify-content-lg-center justify-content-md-center justify-content-center align-items-lg-stretch align-items-md-stretch align-items-stretch gutters-col-lg-2 gutters-col-md-2 gutters-col-0 gutters-col-v-lg-2 gutters-col-v-md-2 gutters-col-v-2\">\n          <!---->\n          <div class=\"h-column h-column-container d-flex h-col-lg-auto h-col-md-auto h-col-auto style-614-outer style-local-1076-c4-outer\">\n            <div data-colibri-id=\"1076-c4\" class=\"d-flex h-flex-basis h-column__inner h-px-lg-2 h-px-md-2 h-px-2 v-inner-lg-2 v-inner-md-2 v-inner-2 style-614 style-local-1076-c4 position-relative\">\n              <!---->\n              <!---->\n              <div class=\"w-100 h-y-container h-column__content h-column__v-align flex-basis-100 align-self-lg-start align-self-md-start align-self-start\">\n                <!---->\n                <div data-colibri-id=\"1076-c5\" class=\"h-text h-text-component style-395 style-local-1076-c5 position-relative h-element\">\n                  <!---->\n                  <!---->\n                  <div class=\"\">\n                    <p>\n                      <br>\n                    <\/p>\n                    <p>\n                      <br>\n                    <\/p>\n                    <p>\n                      <br>\n                    <\/p>\n                    <p>Les principes&nbsp;de l&rsquo;observation du fonctionnement&nbsp;de la nature, celle du mouvement universel m&rsquo;ont men\u00e9 vers la M\u00e9decine Traditionnelle Chinoise (MTC), le Tao\u00efsme, la philosophie Bouddhiste et ses nombreux descendants.\n                      <br>\n                    <\/p>\n                    <p>Suivant les traces de ma maman infirmi\u00e8re, j&rsquo;ai d&rsquo;abord pratiqu\u00e9 la R\u00e9flexologie Plantaire, l&rsquo;Acupression, et la technique DORN. Quand on me dit que j&rsquo;ai du magn\u00e9tisme dans les mains, je pr\u00e9tends que c&rsquo;est donn\u00e9 \u00e0 tout le monde, et\n                      que le l\u00e2cher-prise est la cl\u00e9.\n                      <br>\n                    <\/p>\n                    <p>J&rsquo;ai ensuite voulu donner un cadre plus formel \u00e0 ma pratique : L&rsquo;Allemagne \u00e9tant riche en formations \u00e0 la fois s\u00e9rieuses et cibl\u00e9es, je me suis form\u00e9 au massage de la m\u00e9decine chinoise, le TUINA. La m\u00e9decine chinoise est riche de 2500\n                      ans d&rsquo;historique document\u00e9, recoup\u00e9 et enrichi, ce qu&rsquo;aucune m\u00e9decine humaine ne poss\u00e8de. Ce n&rsquo;est pas une m\u00e9decine des maladies, mais une m\u00e9decine des \u00eatres. Ma boite \u00e0 outil s&rsquo;est enrichie de techniques modernes qui font le lien\n                      entre le corps et le c\u0153ur et l&rsquo;esprit.\n                      <br>\n                    <\/p>\n                    <p>Plus tard, j&rsquo;ai voulu sortir de toute posture de soignant, et je me suis tourn\u00e9 vers l&rsquo;accompagnement, dans une relation de personne \u00e0 personne, en accumulant cette fois les magnifiques techniques de la PNL, un plaisir de tous&nbsp;les\n                      instants qui sont de superbes antidotes \u00e0 bien des maux, selon mon exp\u00e9rience.<\/p>\n                    <p>J&rsquo;ai donc d\u00e9velopp\u00e9 une mani\u00e8re, elle aussi, holistique, c&rsquo;est-\u00e0-dire compl\u00e8te, d&rsquo;aide mon prochain : j&rsquo;allie autant les techniques du physique que du psychique selon les besoins personnalis\u00e9s de chaque personne, en fonction aussi\n                      de ses go\u00fbts et pr\u00e9f\u00e9rences, car l&rsquo;accompagnement est un processus partag\u00e9.<\/p>\n                    <p>Aujourd&rsquo;hui, je pratique avec joie dans mon salon transform\u00e9 en chaleureux cabinet de consultation, \u00e0 distance, ou encore dans les lieux publics arbor\u00e9s, avec la joie de voir des \u00e9toiles s&rsquo;allumer dans les yeux des \u00eatres humains qui\n                      viennent vers moi.<\/p>\n                    <p>SAWUBONA<\/p>\n                    <p>Eric<\/p>\n                  <\/div>\n                <\/div>\n              <\/div>\n            <\/div>\n          <\/div>\n        <\/div>\n      <\/div>\n      <div data-colibri-id=\"1076-c6\" class=\"h-row-container gutters-row-lg-2 gutters-row-md-2 gutters-row-0 gutters-row-v-lg-2 gutters-row-v-md-2 gutters-row-v-2 style-615 style-local-1076-c6 position-relative\">\n        <!---->\n        <div class=\"h-row justify-content-lg-center justify-content-md-center justify-content-center align-items-lg-stretch align-items-md-stretch align-items-stretch gutters-col-lg-2 gutters-col-md-2 gutters-col-0 gutters-col-v-lg-2 gutters-col-v-md-2 gutters-col-v-2\">\n          <!---->\n          <div class=\"h-column h-column-container d-flex h-col-lg-auto h-col-md-auto h-col-auto style-616-outer style-local-1076-c7-outer\">\n            <div data-colibri-id=\"1076-c7\" class=\"d-flex h-flex-basis h-column__inner h-px-lg-2 h-px-md-2 h-px-2 v-inner-lg-2 v-inner-md-2 v-inner-2 style-616 style-local-1076-c7 position-relative\">\n              <!---->\n              <!---->\n              <div class=\"w-100 h-y-container h-column__content h-column__v-align flex-basis-100 align-self-lg-start align-self-md-start align-self-start\">\n                <!---->\n                <div data-colibri-id=\"1076-c8\" class=\"h-text h-text-component style-549 style-local-1076-c8 position-relative h-element\">\n                  <!---->\n                  <!---->\n                  <div class=\"\">\n                    <p> mes soins sont tous de bien-\u00eatre sans pr\u00e9tention m\u00e9dicale\n                      <br>\n                    <\/p>\n                  <\/div>\n                <\/div>\n              <\/div>\n            <\/div>\n          <\/div>\n        <\/div>\n      <\/div>\n    <\/div>\n  <\/div>\n<\/div>","protected":false},"excerpt":{"rendered":"<p>Les principes&nbsp;de l&rsquo;observation du fonctionnement&nbsp;de la nature, celle du mouvement universel m&rsquo;ont men\u00e9 vers la M\u00e9decine Traditionnelle Chinoise (MTC), le Tao\u00efsme, la philosophie Bouddhiste et ses nombreux descendants. Suivant les traces de ma maman infirmi\u00e8re, j&rsquo;ai d&rsquo;abord pratiqu\u00e9 la R\u00e9flexologie Plantaire, l&rsquo;Acupression, et la technique DORN. Quand on me dit que j&rsquo;ai du magn\u00e9tisme dans [&hellip;]<\/p>\n","protected":false},"author":1,"featured_media":0,"parent":0,"menu_order":0,"comment_status":"closed","ping_status":"closed","template":"page-templates\/full-width-page.php","meta":{"footnotes":""},"class_list":["post-1076","page","type-page","status-publish","hentry"],"yoast_head":"<!-- This site is optimized with the Yoast SEO plugin v26.8 - https:\/\/yoast.com\/product\/yoast-seo-wordpress\/ -->\n<title>LE QUI SUIS-JE - Eric Langermann - massage tuina \u00e0 Strasbourg<\/title>\n<meta name=\"robots\" content=\"index, follow, max-snippet:-1, max-image-preview:large, max-video-preview:-1\" \/>\n<link rel=\"canonical\" href=\"https:\/\/yunmen.fr\/index.php\/le-qui-suis-je\/\" \/>\n<meta property=\"og:locale\" content=\"fr_FR\" \/>\n<meta property=\"og:type\" content=\"article\" \/>\n<meta property=\"og:title\" content=\"LE QUI SUIS-JE - Eric Langermann - massage tuina \u00e0 Strasbourg\" \/>\n<meta property=\"og:description\" content=\"Les principes&nbsp;de l&rsquo;observation du fonctionnement&nbsp;de la nature, celle du mouvement universel m&rsquo;ont men\u00e9 vers la M\u00e9decine Traditionnelle Chinoise (MTC), le Tao\u00efsme, la philosophie Bouddhiste et ses nombreux descendants. Suivant les traces de ma maman infirmi\u00e8re, j&rsquo;ai d&rsquo;abord pratiqu\u00e9 la R\u00e9flexologie Plantaire, l&rsquo;Acupression, et la technique DORN. Quand on me dit que j&rsquo;ai du magn\u00e9tisme dans [&hellip;]\" \/>\n<meta property=\"og:url\" content=\"https:\/\/yunmen.fr\/index.php\/le-qui-suis-je\/\" \/>\n<meta property=\"og:site_name\" content=\"Eric Langermann - massage tuina \u00e0 Strasbourg\" \/>\n<meta property=\"article:modified_time\" content=\"2024-08-25T10:29:41+00:00\" \/>\n<meta name=\"twitter:card\" content=\"summary_large_image\" \/>\n<meta name=\"twitter:label1\" content=\"Dur\u00e9e de lecture estim\u00e9e\" \/>\n\t<meta name=\"twitter:data1\" content=\"2 minutes\" \/>\n<script type=\"application\/ld+json\" class=\"yoast-schema-graph\">{\"@context\":\"https:\/\/schema.org\",\"@graph\":[{\"@type\":\"WebPage\",\"@id\":\"https:\/\/yunmen.fr\/index.php\/le-qui-suis-je\/\",\"url\":\"https:\/\/yunmen.fr\/index.php\/le-qui-suis-je\/\",\"name\":\"LE QUI SUIS-JE - Eric Langermann - massage tuina \u00e0 Strasbourg\",\"isPartOf\":{\"@id\":\"https:\/\/yunmen.fr\/#website\"},\"datePublished\":\"2024-01-31T13:20:07+00:00\",\"dateModified\":\"2024-08-25T10:29:41+00:00\",\"breadcrumb\":{\"@id\":\"https:\/\/yunmen.fr\/index.php\/le-qui-suis-je\/#breadcrumb\"},\"inLanguage\":\"fr-FR\",\"potentialAction\":[{\"@type\":\"ReadAction\",\"target\":[\"https:\/\/yunmen.fr\/index.php\/le-qui-suis-je\/\"]}]},{\"@type\":\"BreadcrumbList\",\"@id\":\"https:\/\/yunmen.fr\/index.php\/le-qui-suis-je\/#breadcrumb\",\"itemListElement\":[{\"@type\":\"ListItem\",\"position\":1,\"name\":\"Accueil\",\"item\":\"https:\/\/yunmen.fr\/\"},{\"@type\":\"ListItem\",\"position\":2,\"name\":\"LE QUI SUIS-JE\"}]},{\"@type\":\"WebSite\",\"@id\":\"https:\/\/yunmen.fr\/#website\",\"url\":\"https:\/\/yunmen.fr\/\",\"name\":\"Eric Langermann - massage tuina \u00e0 Strasbourg\",\"description\":\"\",\"publisher\":{\"@id\":\"https:\/\/yunmen.fr\/#organization\"},\"potentialAction\":[{\"@type\":\"SearchAction\",\"target\":{\"@type\":\"EntryPoint\",\"urlTemplate\":\"https:\/\/yunmen.fr\/?s={search_term_string}\"},\"query-input\":{\"@type\":\"PropertyValueSpecification\",\"valueRequired\":true,\"valueName\":\"search_term_string\"}}],\"inLanguage\":\"fr-FR\"},{\"@type\":\"Organization\",\"@id\":\"https:\/\/yunmen.fr\/#organization\",\"name\":\"Eric Langermann - massage tuina \u00e0 Strasbourg\",\"url\":\"https:\/\/yunmen.fr\/\",\"logo\":{\"@type\":\"ImageObject\",\"inLanguage\":\"fr-FR\",\"@id\":\"https:\/\/yunmen.fr\/#\/schema\/logo\/image\/\",\"url\":\"https:\/\/yunmen.fr\/wp-content\/uploads\/2021\/01\/cropped-cropped-cropped-cropped-arbre-de-vie-perce4.jpg\",\"contentUrl\":\"https:\/\/yunmen.fr\/wp-content\/uploads\/2021\/01\/cropped-cropped-cropped-cropped-arbre-de-vie-perce4.jpg\",\"width\":509,\"height\":509,\"caption\":\"Eric Langermann - massage tuina \u00e0 Strasbourg\"},\"image\":{\"@id\":\"https:\/\/yunmen.fr\/#\/schema\/logo\/image\/\"}}]}<\/script>\n<!-- \/ Yoast SEO plugin. -->","yoast_head_json":{"title":"LE QUI SUIS-JE - Eric Langermann - massage tuina \u00e0 Strasbourg","robots":{"index":"index","follow":"follow","max-snippet":"max-snippet:-1","max-image-preview":"max-image-preview:large","max-video-preview":"max-video-preview:-1"},"canonical":"https:\/\/yunmen.fr\/index.php\/le-qui-suis-je\/","og_locale":"fr_FR","og_type":"article","og_title":"LE QUI SUIS-JE - Eric Langermann - massage tuina \u00e0 Strasbourg","og_description":"Les principes&nbsp;de l&rsquo;observation du fonctionnement&nbsp;de la nature, celle du mouvement universel m&rsquo;ont men\u00e9 vers la M\u00e9decine Traditionnelle Chinoise (MTC), le Tao\u00efsme, la philosophie Bouddhiste et ses nombreux descendants. Suivant les traces de ma maman infirmi\u00e8re, j&rsquo;ai d&rsquo;abord pratiqu\u00e9 la R\u00e9flexologie Plantaire, l&rsquo;Acupression, et la technique DORN. Quand on me dit que j&rsquo;ai du magn\u00e9tisme dans [&hellip;]","og_url":"https:\/\/yunmen.fr\/index.php\/le-qui-suis-je\/","og_site_name":"Eric Langermann - massage tuina \u00e0 Strasbourg","article_modified_time":"2024-08-25T10:29:41+00:00","twitter_card":"summary_large_image","twitter_misc":{"Dur\u00e9e de lecture estim\u00e9e":"2 minutes"},"schema":{"@context":"https:\/\/schema.org","@graph":[{"@type":"WebPage","@id":"https:\/\/yunmen.fr\/index.php\/le-qui-suis-je\/","url":"https:\/\/yunmen.fr\/index.php\/le-qui-suis-je\/","name":"LE QUI SUIS-JE - Eric Langermann - massage tuina \u00e0 Strasbourg","isPartOf":{"@id":"https:\/\/yunmen.fr\/#website"},"datePublished":"2024-01-31T13:20:07+00:00","dateModified":"2024-08-25T10:29:41+00:00","breadcrumb":{"@id":"https:\/\/yunmen.fr\/index.php\/le-qui-suis-je\/#breadcrumb"},"inLanguage":"fr-FR","potentialAction":[{"@type":"ReadAction","target":["https:\/\/yunmen.fr\/index.php\/le-qui-suis-je\/"]}]},{"@type":"BreadcrumbList","@id":"https:\/\/yunmen.fr\/index.php\/le-qui-suis-je\/#breadcrumb","itemListElement":[{"@type":"ListItem","position":1,"name":"Accueil","item":"https:\/\/yunmen.fr\/"},{"@type":"ListItem","position":2,"name":"LE QUI SUIS-JE"}]},{"@type":"WebSite","@id":"https:\/\/yunmen.fr\/#website","url":"https:\/\/yunmen.fr\/","name":"Eric Langermann - massage tuina \u00e0 Strasbourg","description":"","publisher":{"@id":"https:\/\/yunmen.fr\/#organization"},"potentialAction":[{"@type":"SearchAction","target":{"@type":"EntryPoint","urlTemplate":"https:\/\/yunmen.fr\/?s={search_term_string}"},"query-input":{"@type":"PropertyValueSpecification","valueRequired":true,"valueName":"search_term_string"}}],"inLanguage":"fr-FR"},{"@type":"Organization","@id":"https:\/\/yunmen.fr\/#organization","name":"Eric Langermann - massage tuina \u00e0 Strasbourg","url":"https:\/\/yunmen.fr\/","logo":{"@type":"ImageObject","inLanguage":"fr-FR","@id":"https:\/\/yunmen.fr\/#\/schema\/logo\/image\/","url":"https:\/\/yunmen.fr\/wp-content\/uploads\/2021\/01\/cropped-cropped-cropped-cropped-arbre-de-vie-perce4.jpg","contentUrl":"https:\/\/yunmen.fr\/wp-content\/uploads\/2021\/01\/cropped-cropped-cropped-cropped-arbre-de-vie-perce4.jpg","width":509,"height":509,"caption":"Eric Langermann - massage tuina \u00e0 Strasbourg"},"image":{"@id":"https:\/\/yunmen.fr\/#\/schema\/logo\/image\/"}}]}},"_links":{"self":[{"href":"https:\/\/yunmen.fr\/index.php\/wp-json\/wp\/v2\/pages\/1076","targetHints":{"allow":["GET"]}}],"collection":[{"href":"https:\/\/yunmen.fr\/index.php\/wp-json\/wp\/v2\/pages"}],"about":[{"href":"https:\/\/yunmen.fr\/index.php\/wp-json\/wp\/v2\/types\/page"}],"author":[{"embeddable":true,"href":"https:\/\/yunmen.fr\/index.php\/wp-json\/wp\/v2\/users\/1"}],"replies":[{"embeddable":true,"href":"https:\/\/yunmen.fr\/index.php\/wp-json\/wp\/v2\/comments?post=1076"}],"version-history":[{"count":20,"href":"https:\/\/yunmen.fr\/index.php\/wp-json\/wp\/v2\/pages\/1076\/revisions"}],"predecessor-version":[{"id":2477,"href":"https:\/\/yunmen.fr\/index.php\/wp-json\/wp\/v2\/pages\/1076\/revisions\/2477"}],"wp:attachment":[{"href":"https:\/\/yunmen.fr\/index.php\/wp-json\/wp\/v2\/media?parent=1076"}],"curies":[{"name":"wp","href":"https:\/\/api.w.org\/{rel}","templated":true}]}}