{"id":1872,"date":"2024-05-18T09:10:07","date_gmt":"2024-05-18T07:10:07","guid":{"rendered":"https:\/\/yunmen.fr\/?page_id=1872"},"modified":"2024-08-27T18:04:37","modified_gmt":"2024-08-27T16:04:37","slug":"massage-des-meridiens","status":"publish","type":"page","link":"https:\/\/yunmen.fr\/index.php\/massage-des-meridiens\/","title":{"rendered":"LE MASSAGE DES MERIDIENS"},"content":{"rendered":"<div data-colibri-id=\"1872-c1\" class=\"style-591 style-local-1872-c1 position-relative\">\n  <!---->\n  <div data-colibri-component=\"section\" data-colibri-id=\"1872-c2\" id=\"about\" class=\"h-section h-section-global-spacing d-flex align-items-lg-center align-items-md-center align-items-center style-592 style-local-1872-c2 position-relative\">\n    <!---->\n    <!---->\n    <div class=\"h-section-grid-container h-section-boxed-container\">\n      <!---->\n      <div data-colibri-id=\"1872-c3\" class=\"h-row-container gutters-row-lg-2 gutters-row-md-2 gutters-row-2 gutters-row-v-lg-2 gutters-row-v-md-2 gutters-row-v-2 style-593 style-local-1872-c3 position-relative\">\n        <!---->\n        <div class=\"h-row justify-content-lg-center justify-content-md-center justify-content-center align-items-lg-stretch align-items-md-stretch align-items-stretch gutters-col-lg-2 gutters-col-md-2 gutters-col-2 gutters-col-v-lg-2 gutters-col-v-md-2 gutters-col-v-2\">\n          <!---->\n          <div class=\"h-column h-column-container d-flex h-col-lg-auto h-col-md-auto h-col-auto style-594-outer style-local-1872-c4-outer\">\n            <div data-colibri-id=\"1872-c4\" class=\"d-flex h-flex-basis h-column__inner h-px-lg-2 h-px-md-2 h-px-2 v-inner-lg-2 v-inner-md-2 v-inner-2 style-594 style-local-1872-c4 position-relative\">\n              <!---->\n              <!---->\n              <div class=\"w-100 h-y-container h-column__content h-column__v-align flex-basis-100 align-self-lg-center align-self-md-center align-self-center\">\n                <!---->\n                <div data-colibri-id=\"1872-c5\" class=\"h-global-transition-all h-heading style-595 style-local-1872-c5 position-relative h-element\">\n                  <!---->\n                  <div class=\"h-heading__outer style-595 style-local-1872-c5\">\n                    <!---->\n                    <!---->\n                    <h5 class=\"\">SOIN ENERGETIQUE de bien etre<\/h5>\n                  <\/div>\n                <\/div>\n                <div data-colibri-id=\"1872-c6\" class=\"h-global-transition-all h-heading style-596 style-local-1872-c6 position-relative h-element\">\n                  <!---->\n                  <div class=\"h-heading__outer style-596 style-local-1872-c6\">\n                    <!---->\n                    <!---->\n                    <h2 class=\"\">LE MASSAGE DES MERIDIENS <\/h2>\n                  <\/div>\n                <\/div>\n                <div data-colibri-id=\"1872-c7\" class=\"h-lead h-text h-text-component style-597 style-local-1872-c7 position-relative h-element\">\n                  <!---->\n                  <!---->\n                  <div class=\"\">\n                    <p>On parle ici des canaux d&rsquo;\u00e9nergie d\u00e9nomm\u00e9s m\u00e9ridiens par la m\u00e9decine chinoise.\n                      <br>\n                      <br>Tout comme le sang ou la lymphe poss\u00e8dent leurs circulations, l&rsquo;\u00e9nergie qui nous rend vivants &#8211; le flux de vie &#8211; circule selon un sch\u00e9ma similaire de canaux.&nbsp; En m\u00e9decine chinoise on parle m\u00eame de ruisseaux, rivi\u00e8res, fleuves,\n                      et mers.\n                      <br>\n                      <br>Le massage des m\u00e9ridiens est une opportunit\u00e9 de redonner dynamisme et harmonie aux flux d&rsquo;\u00e9nergie dans le corps et le coeur et l&rsquo;esprit.\n                      <br>\n                      <br>Ce massage est pratiqu\u00e9 sur la peau avec de l&rsquo;huile de massage.\n                      <br>\n                      <br>Dur\u00e9e&nbsp;1 heure\n                      <br>Tarif 60 euros\n                      <br>\n                    <\/p>\n                  <\/div>\n                <\/div>\n                <div data-colibri-id=\"1872-c8\" class=\"h-x-container style-598 style-local-1872-c8 position-relative h-element\">\n                  <!---->\n                  <div class=\"h-x-container-inner style-dynamic-1872-c8-group style-598-spacing style-local-1872-c8-spacing\"><span class=\"h-button__outer style-599-outer style-local-1872-c9-outer d-inline-flex h-element\"><a h-use-smooth-scroll=\"true\" href=\"\"  data-colibri-id=\"1872-c9\" class=\"d-flex w-100 align-items-center h-button justify-content-lg-center justify-content-md-center justify-content-center style-599 style-local-1872-c9 position-relative\"><!----><!----> <span>TEL 03 73 98 45 60<\/span><\/a>\n                    <\/span>\n                  <\/div>\n                <\/div>\n              <\/div>\n            <\/div>\n          <\/div>\n          <div class=\"h-column h-column-container d-flex h-col-lg-auto h-col-md-auto h-col-auto style-600-outer style-local-1872-c10-outer\">\n            <div data-colibri-id=\"1872-c10\" class=\"d-flex h-flex-basis h-column__inner h-px-lg-2 h-px-md-2 h-px-2 v-inner-lg-2 v-inner-md-2 v-inner-2 style-600 style-local-1872-c10 position-relative\">\n              <!---->\n              <!---->\n              <div class=\"w-100 h-y-container h-column__content h-column__v-align flex-basis-100 align-self-lg-center align-self-md-center align-self-center\">\n                <!---->\n                <div data-colibri-id=\"1872-c11\" class=\"d-block style-601 style-local-1872-c11 position-relative h-element\">\n                  <!---->\n                  <div class=\"h-image__frame-container-outer\">\n                    <div class=\"h-image__frame-container\">\n                      <!---->\n                      <!---->\n                      <img loading=\"lazy\" decoding=\"async\" width=\"1577\" height=\"1577\" src=\"https:\/\/yunmen.fr\/wp-content\/uploads\/2019\/05\/cropped-cropped-cropped-dsc0007-scaled-2.jpg\" class=\"wp-image-1894 style-601-image style-local-1872-c11-image\" alt=\"\" srcset=\"https:\/\/yunmen.fr\/wp-content\/uploads\/2019\/05\/cropped-cropped-cropped-dsc0007-scaled-2.jpg 1577w, https:\/\/yunmen.fr\/wp-content\/uploads\/2019\/05\/cropped-cropped-cropped-dsc0007-scaled-2-300x300.jpg 300w, https:\/\/yunmen.fr\/wp-content\/uploads\/2019\/05\/cropped-cropped-cropped-dsc0007-scaled-2-1024x1024.jpg 1024w, https:\/\/yunmen.fr\/wp-content\/uploads\/2019\/05\/cropped-cropped-cropped-dsc0007-scaled-2-150x150.jpg 150w, https:\/\/yunmen.fr\/wp-content\/uploads\/2019\/05\/cropped-cropped-cropped-dsc0007-scaled-2-768x768.jpg 768w, https:\/\/yunmen.fr\/wp-content\/uploads\/2019\/05\/cropped-cropped-cropped-dsc0007-scaled-2-1536x1536.jpg 1536w\" sizes=\"auto, (max-width: 1577px) 100vw, 1577px\" \/>\n                      <div class=\"h-image__frame h-hide-lg h-hide-md h-hide-sm style-601-frameImage style-local-1872-c11-frameImage\"><\/div>\n                    <\/div>\n                  <\/div>\n                <\/div>\n              <\/div>\n            <\/div>\n          <\/div>\n        <\/div>\n      <\/div>\n    <\/div>\n  <\/div>\n<\/div>","protected":false},"excerpt":{"rendered":"<p>SOIN ENERGETIQUE de bien etre LE MASSAGE DES MERIDIENS On parle ici des canaux d&rsquo;\u00e9nergie d\u00e9nomm\u00e9s m\u00e9ridiens par la m\u00e9decine chinoise. Tout comme le sang ou la lymphe poss\u00e8dent leurs circulations, l&rsquo;\u00e9nergie qui nous rend vivants &#8211; le flux de vie &#8211; circule selon un sch\u00e9ma similaire de canaux.&nbsp; En m\u00e9decine chinoise on parle m\u00eame [&hellip;]<\/p>\n","protected":false},"author":1,"featured_media":0,"parent":0,"menu_order":0,"comment_status":"closed","ping_status":"closed","template":"page-templates\/full-width-page.php","meta":{"footnotes":""},"class_list":["post-1872","page","type-page","status-publish","hentry"],"yoast_head":"<!-- This site is optimized with the Yoast SEO plugin v26.8 - https:\/\/yoast.com\/product\/yoast-seo-wordpress\/ -->\n<title>LE MASSAGE DES MERIDIENS - Eric Langermann - massage tuina \u00e0 Strasbourg<\/title>\n<meta name=\"robots\" content=\"index, follow, max-snippet:-1, max-image-preview:large, max-video-preview:-1\" \/>\n<link rel=\"canonical\" href=\"https:\/\/yunmen.fr\/index.php\/prestations__trashed\/massage-des-meridiens\/\" \/>\n<meta property=\"og:locale\" content=\"fr_FR\" \/>\n<meta property=\"og:type\" content=\"article\" \/>\n<meta property=\"og:title\" content=\"LE MASSAGE DES MERIDIENS - Eric Langermann - massage tuina \u00e0 Strasbourg\" \/>\n<meta property=\"og:description\" content=\"SOIN ENERGETIQUE de bien etre LE MASSAGE DES MERIDIENS On parle ici des canaux d&rsquo;\u00e9nergie d\u00e9nomm\u00e9s m\u00e9ridiens par la m\u00e9decine chinoise. Tout comme le sang ou la lymphe poss\u00e8dent leurs circulations, l&rsquo;\u00e9nergie qui nous rend vivants &#8211; le flux de vie &#8211; circule selon un sch\u00e9ma similaire de canaux.&nbsp; En m\u00e9decine chinoise on parle m\u00eame [&hellip;]\" \/>\n<meta property=\"og:url\" content=\"https:\/\/yunmen.fr\/index.php\/prestations__trashed\/massage-des-meridiens\/\" \/>\n<meta property=\"og:site_name\" content=\"Eric Langermann - massage tuina \u00e0 Strasbourg\" \/>\n<meta property=\"article:modified_time\" content=\"2024-08-27T16:04:37+00:00\" \/>\n<meta property=\"og:image\" content=\"https:\/\/yunmen.fr\/wp-content\/uploads\/2019\/05\/cropped-cropped-cropped-dsc0007-scaled-2.jpg\" \/>\n\t<meta property=\"og:image:width\" content=\"1577\" \/>\n\t<meta property=\"og:image:height\" content=\"1577\" \/>\n\t<meta property=\"og:image:type\" content=\"image\/jpeg\" \/>\n<meta name=\"twitter:card\" content=\"summary_large_image\" \/>\n<meta name=\"twitter:label1\" content=\"Dur\u00e9e de lecture estim\u00e9e\" \/>\n\t<meta name=\"twitter:data1\" content=\"1 minute\" \/>\n<script type=\"application\/ld+json\" class=\"yoast-schema-graph\">{\"@context\":\"https:\/\/schema.org\",\"@graph\":[{\"@type\":\"WebPage\",\"@id\":\"https:\/\/yunmen.fr\/index.php\/prestations__trashed\/massage-des-meridiens\/\",\"url\":\"https:\/\/yunmen.fr\/index.php\/prestations__trashed\/massage-des-meridiens\/\",\"name\":\"LE MASSAGE DES MERIDIENS - Eric Langermann - massage tuina \u00e0 Strasbourg\",\"isPartOf\":{\"@id\":\"https:\/\/yunmen.fr\/#website\"},\"primaryImageOfPage\":{\"@id\":\"https:\/\/yunmen.fr\/index.php\/prestations__trashed\/massage-des-meridiens\/#primaryimage\"},\"image\":{\"@id\":\"https:\/\/yunmen.fr\/index.php\/prestations__trashed\/massage-des-meridiens\/#primaryimage\"},\"thumbnailUrl\":\"https:\/\/yunmen.fr\/wp-content\/uploads\/2019\/05\/cropped-cropped-cropped-dsc0007-scaled-2.jpg\",\"datePublished\":\"2024-05-18T07:10:07+00:00\",\"dateModified\":\"2024-08-27T16:04:37+00:00\",\"breadcrumb\":{\"@id\":\"https:\/\/yunmen.fr\/index.php\/prestations__trashed\/massage-des-meridiens\/#breadcrumb\"},\"inLanguage\":\"fr-FR\",\"potentialAction\":[{\"@type\":\"ReadAction\",\"target\":[\"https:\/\/yunmen.fr\/index.php\/prestations__trashed\/massage-des-meridiens\/\"]}]},{\"@type\":\"ImageObject\",\"inLanguage\":\"fr-FR\",\"@id\":\"https:\/\/yunmen.fr\/index.php\/prestations__trashed\/massage-des-meridiens\/#primaryimage\",\"url\":\"https:\/\/yunmen.fr\/wp-content\/uploads\/2019\/05\/cropped-cropped-cropped-dsc0007-scaled-2.jpg\",\"contentUrl\":\"https:\/\/yunmen.fr\/wp-content\/uploads\/2019\/05\/cropped-cropped-cropped-dsc0007-scaled-2.jpg\",\"width\":1577,\"height\":1577},{\"@type\":\"BreadcrumbList\",\"@id\":\"https:\/\/yunmen.fr\/index.php\/prestations__trashed\/massage-des-meridiens\/#breadcrumb\",\"itemListElement\":[{\"@type\":\"ListItem\",\"position\":1,\"name\":\"Accueil\",\"item\":\"https:\/\/yunmen.fr\/\"},{\"@type\":\"ListItem\",\"position\":2,\"name\":\"LE MASSAGE DES MERIDIENS\"}]},{\"@type\":\"WebSite\",\"@id\":\"https:\/\/yunmen.fr\/#website\",\"url\":\"https:\/\/yunmen.fr\/\",\"name\":\"Eric Langermann - massage tuina \u00e0 Strasbourg\",\"description\":\"\",\"publisher\":{\"@id\":\"https:\/\/yunmen.fr\/#organization\"},\"potentialAction\":[{\"@type\":\"SearchAction\",\"target\":{\"@type\":\"EntryPoint\",\"urlTemplate\":\"https:\/\/yunmen.fr\/?s={search_term_string}\"},\"query-input\":{\"@type\":\"PropertyValueSpecification\",\"valueRequired\":true,\"valueName\":\"search_term_string\"}}],\"inLanguage\":\"fr-FR\"},{\"@type\":\"Organization\",\"@id\":\"https:\/\/yunmen.fr\/#organization\",\"name\":\"Eric Langermann - massage tuina \u00e0 Strasbourg\",\"url\":\"https:\/\/yunmen.fr\/\",\"logo\":{\"@type\":\"ImageObject\",\"inLanguage\":\"fr-FR\",\"@id\":\"https:\/\/yunmen.fr\/#\/schema\/logo\/image\/\",\"url\":\"https:\/\/yunmen.fr\/wp-content\/uploads\/2021\/01\/cropped-cropped-cropped-cropped-arbre-de-vie-perce4.jpg\",\"contentUrl\":\"https:\/\/yunmen.fr\/wp-content\/uploads\/2021\/01\/cropped-cropped-cropped-cropped-arbre-de-vie-perce4.jpg\",\"width\":509,\"height\":509,\"caption\":\"Eric Langermann - massage tuina \u00e0 Strasbourg\"},\"image\":{\"@id\":\"https:\/\/yunmen.fr\/#\/schema\/logo\/image\/\"}}]}<\/script>\n<!-- \/ Yoast SEO plugin. -->","yoast_head_json":{"title":"LE MASSAGE DES MERIDIENS - Eric Langermann - massage tuina \u00e0 Strasbourg","robots":{"index":"index","follow":"follow","max-snippet":"max-snippet:-1","max-image-preview":"max-image-preview:large","max-video-preview":"max-video-preview:-1"},"canonical":"https:\/\/yunmen.fr\/index.php\/prestations__trashed\/massage-des-meridiens\/","og_locale":"fr_FR","og_type":"article","og_title":"LE MASSAGE DES MERIDIENS - Eric Langermann - massage tuina \u00e0 Strasbourg","og_description":"SOIN ENERGETIQUE de bien etre LE MASSAGE DES MERIDIENS On parle ici des canaux d&rsquo;\u00e9nergie d\u00e9nomm\u00e9s m\u00e9ridiens par la m\u00e9decine chinoise. Tout comme le sang ou la lymphe poss\u00e8dent leurs circulations, l&rsquo;\u00e9nergie qui nous rend vivants &#8211; le flux de vie &#8211; circule selon un sch\u00e9ma similaire de canaux.&nbsp; En m\u00e9decine chinoise on parle m\u00eame [&hellip;]","og_url":"https:\/\/yunmen.fr\/index.php\/prestations__trashed\/massage-des-meridiens\/","og_site_name":"Eric Langermann - massage tuina \u00e0 Strasbourg","article_modified_time":"2024-08-27T16:04:37+00:00","og_image":[{"width":1577,"height":1577,"url":"https:\/\/yunmen.fr\/wp-content\/uploads\/2019\/05\/cropped-cropped-cropped-dsc0007-scaled-2.jpg","type":"image\/jpeg"}],"twitter_card":"summary_large_image","twitter_misc":{"Dur\u00e9e de lecture estim\u00e9e":"1 minute"},"schema":{"@context":"https:\/\/schema.org","@graph":[{"@type":"WebPage","@id":"https:\/\/yunmen.fr\/index.php\/prestations__trashed\/massage-des-meridiens\/","url":"https:\/\/yunmen.fr\/index.php\/prestations__trashed\/massage-des-meridiens\/","name":"LE MASSAGE DES MERIDIENS - Eric Langermann - massage tuina \u00e0 Strasbourg","isPartOf":{"@id":"https:\/\/yunmen.fr\/#website"},"primaryImageOfPage":{"@id":"https:\/\/yunmen.fr\/index.php\/prestations__trashed\/massage-des-meridiens\/#primaryimage"},"image":{"@id":"https:\/\/yunmen.fr\/index.php\/prestations__trashed\/massage-des-meridiens\/#primaryimage"},"thumbnailUrl":"https:\/\/yunmen.fr\/wp-content\/uploads\/2019\/05\/cropped-cropped-cropped-dsc0007-scaled-2.jpg","datePublished":"2024-05-18T07:10:07+00:00","dateModified":"2024-08-27T16:04:37+00:00","breadcrumb":{"@id":"https:\/\/yunmen.fr\/index.php\/prestations__trashed\/massage-des-meridiens\/#breadcrumb"},"inLanguage":"fr-FR","potentialAction":[{"@type":"ReadAction","target":["https:\/\/yunmen.fr\/index.php\/prestations__trashed\/massage-des-meridiens\/"]}]},{"@type":"ImageObject","inLanguage":"fr-FR","@id":"https:\/\/yunmen.fr\/index.php\/prestations__trashed\/massage-des-meridiens\/#primaryimage","url":"https:\/\/yunmen.fr\/wp-content\/uploads\/2019\/05\/cropped-cropped-cropped-dsc0007-scaled-2.jpg","contentUrl":"https:\/\/yunmen.fr\/wp-content\/uploads\/2019\/05\/cropped-cropped-cropped-dsc0007-scaled-2.jpg","width":1577,"height":1577},{"@type":"BreadcrumbList","@id":"https:\/\/yunmen.fr\/index.php\/prestations__trashed\/massage-des-meridiens\/#breadcrumb","itemListElement":[{"@type":"ListItem","position":1,"name":"Accueil","item":"https:\/\/yunmen.fr\/"},{"@type":"ListItem","position":2,"name":"LE MASSAGE DES MERIDIENS"}]},{"@type":"WebSite","@id":"https:\/\/yunmen.fr\/#website","url":"https:\/\/yunmen.fr\/","name":"Eric Langermann - massage tuina \u00e0 Strasbourg","description":"","publisher":{"@id":"https:\/\/yunmen.fr\/#organization"},"potentialAction":[{"@type":"SearchAction","target":{"@type":"EntryPoint","urlTemplate":"https:\/\/yunmen.fr\/?s={search_term_string}"},"query-input":{"@type":"PropertyValueSpecification","valueRequired":true,"valueName":"search_term_string"}}],"inLanguage":"fr-FR"},{"@type":"Organization","@id":"https:\/\/yunmen.fr\/#organization","name":"Eric Langermann - massage tuina \u00e0 Strasbourg","url":"https:\/\/yunmen.fr\/","logo":{"@type":"ImageObject","inLanguage":"fr-FR","@id":"https:\/\/yunmen.fr\/#\/schema\/logo\/image\/","url":"https:\/\/yunmen.fr\/wp-content\/uploads\/2021\/01\/cropped-cropped-cropped-cropped-arbre-de-vie-perce4.jpg","contentUrl":"https:\/\/yunmen.fr\/wp-content\/uploads\/2021\/01\/cropped-cropped-cropped-cropped-arbre-de-vie-perce4.jpg","width":509,"height":509,"caption":"Eric Langermann - massage tuina \u00e0 Strasbourg"},"image":{"@id":"https:\/\/yunmen.fr\/#\/schema\/logo\/image\/"}}]}},"_links":{"self":[{"href":"https:\/\/yunmen.fr\/index.php\/wp-json\/wp\/v2\/pages\/1872","targetHints":{"allow":["GET"]}}],"collection":[{"href":"https:\/\/yunmen.fr\/index.php\/wp-json\/wp\/v2\/pages"}],"about":[{"href":"https:\/\/yunmen.fr\/index.php\/wp-json\/wp\/v2\/types\/page"}],"author":[{"embeddable":true,"href":"https:\/\/yunmen.fr\/index.php\/wp-json\/wp\/v2\/users\/1"}],"replies":[{"embeddable":true,"href":"https:\/\/yunmen.fr\/index.php\/wp-json\/wp\/v2\/comments?post=1872"}],"version-history":[{"count":9,"href":"https:\/\/yunmen.fr\/index.php\/wp-json\/wp\/v2\/pages\/1872\/revisions"}],"predecessor-version":[{"id":2586,"href":"https:\/\/yunmen.fr\/index.php\/wp-json\/wp\/v2\/pages\/1872\/revisions\/2586"}],"wp:attachment":[{"href":"https:\/\/yunmen.fr\/index.php\/wp-json\/wp\/v2\/media?parent=1872"}],"curies":[{"name":"wp","href":"https:\/\/api.w.org\/{rel}","templated":true}]}}