{"id":8,"date":"2019-01-22T17:21:16","date_gmt":"2019-01-22T16:21:16","guid":{"rendered":"https:\/\/reflxo.wordpress.com\/?page_id=2"},"modified":"2022-04-25T19:24:34","modified_gmt":"2022-04-25T17:24:34","slug":"a-propos","status":"publish","type":"page","link":"https:\/\/yunmen.fr\/index.php\/a-propos\/","title":{"rendered":"Tuina Massage R\u00e9flexe"},"content":{"rendered":"<div class=\"entry-content\">\n<h3 style=\"text-align: center;\"><span style=\"color: #000000;\"><strong>MON PARCOURS<br \/>\n<\/strong><\/span><\/h3>\n<p style=\"text-align: left;\"><span style=\"color: #000000;\"><strong>Certifi\u00e9 \u00e0 la Sp\u00e9cialit\u00e9 de M\u00e9thode Traditionnelle Chinoise<br \/>\n<\/strong><\/span><span style=\"color: #000000;\"><strong>\u00a0<\/strong><\/span><span style=\"color: #000000;\"><strong>Tuina ( Tui Na An Mo ) <\/strong><\/span><span style=\"color: #000000;\"><strong>par l&rsquo;\u00e9cole de M\u00e9decine Traditionnelle Chinoise d&rsquo;Allemagne ABZ M\u00fcnchen \u2013 Munich &#8211; Allemagne<\/strong><\/span><\/p>\n<p style=\"text-align: left;\"><span style=\"color: #000000;\"><strong>ainsi que<br \/>\n<\/strong><\/span><\/p>\n<ul>\n<li><span style=\"color: #000000;\"><strong>Formation de Massage Esalen (holistique)<br \/>\n<\/strong><\/span><\/li>\n<li><span style=\"color: #000000;\"><strong>Formation de R\u00e9flexologie Plantaire Tha\u00ef<\/strong><\/span><\/li>\n<li><span style=\"color: #000000;\"><strong>Formation aux Trigger Points<\/strong><\/span><\/li>\n<li><span style=\"color: #000000;\"><strong>Formation aux Ventouses<\/strong><\/span><span style=\"color: #000000;\"><strong><br \/>\n<\/strong><\/span><\/li>\n<li><strong>M\u00e9thode Dorn, Breuss<\/strong><\/li>\n<\/ul>\n<\/div>\n<p><strong><span style=\"color: #000000;\">et je pratique aussi<\/span><\/strong><\/p>\n<div class=\"entry-content\">\n<ul>\n<li><strong>M\u00e9thodes de lib\u00e9ration \u00e9motionnelles : Tipi, Nerti, EFT, M\u00e9thodes Kin\u00e9siologiques<br \/>\n<\/strong><\/li>\n<\/ul>\n<p style=\"text-align: center;\"><span style=\"color: #000000;\">******<\/span><\/p>\n<p><span style=\"color: #000000;\"><em>Bonjour <\/em><\/span><\/p>\n<p><span style=\"color: #000000;\"><em>Je suis Eric_Langermann, n\u00e9 en 1967. Mon grand-p\u00e8re voulait \u00eatre m\u00e9decin, il fut pasteur, m\u00e9decin des \u00e2mes. J&rsquo;ai moi-m\u00eame grandi dans un environnement o\u00f9 j&rsquo;ai c\u00f4toy\u00e9 la maladie, le grand \u00e2ge et le handicap. Plus tard je suis entr\u00e9 <\/em><em>dans le monde exigeant de la fabrication de m\u00e9dicament.<\/em><\/span><\/p>\n<p><em>N<span style=\"color: #000000;\">i m\u00e9decin, ni magicien, je vous accompagne sur votre chemin de vie avec toute mon attention, et le temps qu&rsquo;il sera utile et souhait\u00e9, comme une b\u00e9quille qu&rsquo;on l\u00e2che quand on marche \u00e0 nouveau seul.<br \/>\n<\/span><\/em><\/p>\n<p style=\"text-align: center;\"><span style=\"color: #000000;\"><strong><em>De quelques horizons que vous soyez, quelles que soient vos histoires et vos r\u00eaves, soyez bienvenu<br \/>\n<\/em><\/strong><\/span><\/p>\n<\/div>\n","protected":false},"excerpt":{"rendered":"<p>MON PARCOURS Certifi\u00e9 \u00e0 la Sp\u00e9cialit\u00e9 de M\u00e9thode Traditionnelle Chinoise \u00a0Tuina ( Tui Na An Mo ) par l&rsquo;\u00e9cole de M\u00e9decine Traditionnelle Chinoise d&rsquo;Allemagne ABZ M\u00fcnchen \u2013 Munich &#8211; Allemagne ainsi que Formation de Massage Esalen (holistique) Formation de R\u00e9flexologie Plantaire Tha\u00ef Formation aux Trigger Points Formation aux Ventouses M\u00e9thode Dorn, Breuss et je pratique [&hellip;]<\/p>\n","protected":false},"author":1,"featured_media":0,"parent":0,"menu_order":1,"comment_status":"closed","ping_status":"closed","template":"","meta":{"footnotes":""},"class_list":["post-8","page","type-page","status-publish","hentry"],"yoast_head":"<!-- This site is optimized with the Yoast SEO plugin v26.8 - https:\/\/yoast.com\/product\/yoast-seo-wordpress\/ -->\n<title>Tuina Massage R\u00e9flexe - Eric Langermann - massage tuina \u00e0 Strasbourg<\/title>\n<meta name=\"robots\" content=\"index, follow, max-snippet:-1, max-image-preview:large, max-video-preview:-1\" \/>\n<link rel=\"canonical\" href=\"https:\/\/yunmen.fr\/index.php\/a-propos\/\" \/>\n<meta property=\"og:locale\" content=\"fr_FR\" \/>\n<meta property=\"og:type\" content=\"article\" \/>\n<meta property=\"og:title\" content=\"Tuina Massage R\u00e9flexe - Eric Langermann - massage tuina \u00e0 Strasbourg\" \/>\n<meta property=\"og:description\" content=\"MON PARCOURS Certifi\u00e9 \u00e0 la Sp\u00e9cialit\u00e9 de M\u00e9thode Traditionnelle Chinoise \u00a0Tuina ( Tui Na An Mo ) par l&rsquo;\u00e9cole de M\u00e9decine Traditionnelle Chinoise d&rsquo;Allemagne ABZ M\u00fcnchen \u2013 Munich &#8211; Allemagne ainsi que Formation de Massage Esalen (holistique) Formation de R\u00e9flexologie Plantaire Tha\u00ef Formation aux Trigger Points Formation aux Ventouses M\u00e9thode Dorn, Breuss et je pratique [&hellip;]\" \/>\n<meta property=\"og:url\" content=\"https:\/\/yunmen.fr\/index.php\/a-propos\/\" \/>\n<meta property=\"og:site_name\" content=\"Eric Langermann - massage tuina \u00e0 Strasbourg\" \/>\n<meta property=\"article:modified_time\" content=\"2022-04-25T17:24:34+00:00\" \/>\n<meta name=\"twitter:card\" content=\"summary_large_image\" \/>\n<meta name=\"twitter:label1\" content=\"Dur\u00e9e de lecture estim\u00e9e\" \/>\n\t<meta name=\"twitter:data1\" content=\"1 minute\" \/>\n<script type=\"application\/ld+json\" class=\"yoast-schema-graph\">{\"@context\":\"https:\/\/schema.org\",\"@graph\":[{\"@type\":\"WebPage\",\"@id\":\"https:\/\/yunmen.fr\/index.php\/a-propos\/\",\"url\":\"https:\/\/yunmen.fr\/index.php\/a-propos\/\",\"name\":\"Tuina Massage R\u00e9flexe - Eric Langermann - massage tuina \u00e0 Strasbourg\",\"isPartOf\":{\"@id\":\"https:\/\/yunmen.fr\/#website\"},\"datePublished\":\"2019-01-22T16:21:16+00:00\",\"dateModified\":\"2022-04-25T17:24:34+00:00\",\"breadcrumb\":{\"@id\":\"https:\/\/yunmen.fr\/index.php\/a-propos\/#breadcrumb\"},\"inLanguage\":\"fr-FR\",\"potentialAction\":[{\"@type\":\"ReadAction\",\"target\":[\"https:\/\/yunmen.fr\/index.php\/a-propos\/\"]}]},{\"@type\":\"BreadcrumbList\",\"@id\":\"https:\/\/yunmen.fr\/index.php\/a-propos\/#breadcrumb\",\"itemListElement\":[{\"@type\":\"ListItem\",\"position\":1,\"name\":\"Accueil\",\"item\":\"https:\/\/yunmen.fr\/\"},{\"@type\":\"ListItem\",\"position\":2,\"name\":\"Tuina Massage R\u00e9flexe\"}]},{\"@type\":\"WebSite\",\"@id\":\"https:\/\/yunmen.fr\/#website\",\"url\":\"https:\/\/yunmen.fr\/\",\"name\":\"Eric Langermann - massage tuina \u00e0 Strasbourg\",\"description\":\"\",\"publisher\":{\"@id\":\"https:\/\/yunmen.fr\/#organization\"},\"potentialAction\":[{\"@type\":\"SearchAction\",\"target\":{\"@type\":\"EntryPoint\",\"urlTemplate\":\"https:\/\/yunmen.fr\/?s={search_term_string}\"},\"query-input\":{\"@type\":\"PropertyValueSpecification\",\"valueRequired\":true,\"valueName\":\"search_term_string\"}}],\"inLanguage\":\"fr-FR\"},{\"@type\":\"Organization\",\"@id\":\"https:\/\/yunmen.fr\/#organization\",\"name\":\"Eric Langermann - massage tuina \u00e0 Strasbourg\",\"url\":\"https:\/\/yunmen.fr\/\",\"logo\":{\"@type\":\"ImageObject\",\"inLanguage\":\"fr-FR\",\"@id\":\"https:\/\/yunmen.fr\/#\/schema\/logo\/image\/\",\"url\":\"https:\/\/yunmen.fr\/wp-content\/uploads\/2021\/01\/cropped-cropped-cropped-cropped-arbre-de-vie-perce4.jpg\",\"contentUrl\":\"https:\/\/yunmen.fr\/wp-content\/uploads\/2021\/01\/cropped-cropped-cropped-cropped-arbre-de-vie-perce4.jpg\",\"width\":509,\"height\":509,\"caption\":\"Eric Langermann - massage tuina \u00e0 Strasbourg\"},\"image\":{\"@id\":\"https:\/\/yunmen.fr\/#\/schema\/logo\/image\/\"}}]}<\/script>\n<!-- \/ Yoast SEO plugin. -->","yoast_head_json":{"title":"Tuina Massage R\u00e9flexe - Eric Langermann - massage tuina \u00e0 Strasbourg","robots":{"index":"index","follow":"follow","max-snippet":"max-snippet:-1","max-image-preview":"max-image-preview:large","max-video-preview":"max-video-preview:-1"},"canonical":"https:\/\/yunmen.fr\/index.php\/a-propos\/","og_locale":"fr_FR","og_type":"article","og_title":"Tuina Massage R\u00e9flexe - Eric Langermann - massage tuina \u00e0 Strasbourg","og_description":"MON PARCOURS Certifi\u00e9 \u00e0 la Sp\u00e9cialit\u00e9 de M\u00e9thode Traditionnelle Chinoise \u00a0Tuina ( Tui Na An Mo ) par l&rsquo;\u00e9cole de M\u00e9decine Traditionnelle Chinoise d&rsquo;Allemagne ABZ M\u00fcnchen \u2013 Munich &#8211; Allemagne ainsi que Formation de Massage Esalen (holistique) Formation de R\u00e9flexologie Plantaire Tha\u00ef Formation aux Trigger Points Formation aux Ventouses M\u00e9thode Dorn, Breuss et je pratique [&hellip;]","og_url":"https:\/\/yunmen.fr\/index.php\/a-propos\/","og_site_name":"Eric Langermann - massage tuina \u00e0 Strasbourg","article_modified_time":"2022-04-25T17:24:34+00:00","twitter_card":"summary_large_image","twitter_misc":{"Dur\u00e9e de lecture estim\u00e9e":"1 minute"},"schema":{"@context":"https:\/\/schema.org","@graph":[{"@type":"WebPage","@id":"https:\/\/yunmen.fr\/index.php\/a-propos\/","url":"https:\/\/yunmen.fr\/index.php\/a-propos\/","name":"Tuina Massage R\u00e9flexe - Eric Langermann - massage tuina \u00e0 Strasbourg","isPartOf":{"@id":"https:\/\/yunmen.fr\/#website"},"datePublished":"2019-01-22T16:21:16+00:00","dateModified":"2022-04-25T17:24:34+00:00","breadcrumb":{"@id":"https:\/\/yunmen.fr\/index.php\/a-propos\/#breadcrumb"},"inLanguage":"fr-FR","potentialAction":[{"@type":"ReadAction","target":["https:\/\/yunmen.fr\/index.php\/a-propos\/"]}]},{"@type":"BreadcrumbList","@id":"https:\/\/yunmen.fr\/index.php\/a-propos\/#breadcrumb","itemListElement":[{"@type":"ListItem","position":1,"name":"Accueil","item":"https:\/\/yunmen.fr\/"},{"@type":"ListItem","position":2,"name":"Tuina Massage R\u00e9flexe"}]},{"@type":"WebSite","@id":"https:\/\/yunmen.fr\/#website","url":"https:\/\/yunmen.fr\/","name":"Eric Langermann - massage tuina \u00e0 Strasbourg","description":"","publisher":{"@id":"https:\/\/yunmen.fr\/#organization"},"potentialAction":[{"@type":"SearchAction","target":{"@type":"EntryPoint","urlTemplate":"https:\/\/yunmen.fr\/?s={search_term_string}"},"query-input":{"@type":"PropertyValueSpecification","valueRequired":true,"valueName":"search_term_string"}}],"inLanguage":"fr-FR"},{"@type":"Organization","@id":"https:\/\/yunmen.fr\/#organization","name":"Eric Langermann - massage tuina \u00e0 Strasbourg","url":"https:\/\/yunmen.fr\/","logo":{"@type":"ImageObject","inLanguage":"fr-FR","@id":"https:\/\/yunmen.fr\/#\/schema\/logo\/image\/","url":"https:\/\/yunmen.fr\/wp-content\/uploads\/2021\/01\/cropped-cropped-cropped-cropped-arbre-de-vie-perce4.jpg","contentUrl":"https:\/\/yunmen.fr\/wp-content\/uploads\/2021\/01\/cropped-cropped-cropped-cropped-arbre-de-vie-perce4.jpg","width":509,"height":509,"caption":"Eric Langermann - massage tuina \u00e0 Strasbourg"},"image":{"@id":"https:\/\/yunmen.fr\/#\/schema\/logo\/image\/"}}]}},"_links":{"self":[{"href":"https:\/\/yunmen.fr\/index.php\/wp-json\/wp\/v2\/pages\/8","targetHints":{"allow":["GET"]}}],"collection":[{"href":"https:\/\/yunmen.fr\/index.php\/wp-json\/wp\/v2\/pages"}],"about":[{"href":"https:\/\/yunmen.fr\/index.php\/wp-json\/wp\/v2\/types\/page"}],"author":[{"embeddable":true,"href":"https:\/\/yunmen.fr\/index.php\/wp-json\/wp\/v2\/users\/1"}],"replies":[{"embeddable":true,"href":"https:\/\/yunmen.fr\/index.php\/wp-json\/wp\/v2\/comments?post=8"}],"version-history":[{"count":28,"href":"https:\/\/yunmen.fr\/index.php\/wp-json\/wp\/v2\/pages\/8\/revisions"}],"predecessor-version":[{"id":790,"href":"https:\/\/yunmen.fr\/index.php\/wp-json\/wp\/v2\/pages\/8\/revisions\/790"}],"wp:attachment":[{"href":"https:\/\/yunmen.fr\/index.php\/wp-json\/wp\/v2\/media?parent=8"}],"curies":[{"name":"wp","href":"https:\/\/api.w.org\/{rel}","templated":true}]}}