{"id":9,"date":"2019-01-22T17:21:15","date_gmt":"2019-01-22T16:21:15","guid":{"rendered":"https:\/\/reflxo.wordpress.com\/?page_id=3"},"modified":"2024-07-24T20:16:25","modified_gmt":"2024-07-24T18:16:25","slug":"contact","status":"publish","type":"page","link":"https:\/\/yunmen.fr\/index.php\/contact\/","title":{"rendered":"INFOS"},"content":{"rendered":"<div data-colibri-id=\"9-c1\" class=\"style-497 style-local-9-c1 position-relative\">\n  <!---->\n  <div data-colibri-component=\"section\" data-colibri-id=\"9-c2\" id=\"custom\" class=\"h-section h-section-global-spacing d-flex align-items-lg-center align-items-md-center align-items-center style-525 style-local-9-c2 position-relative\">\n    <!---->\n    <!---->\n    <div class=\"h-section-grid-container h-section-boxed-container\">\n      <!---->\n      <div data-colibri-id=\"9-c3\" class=\"h-row-container gutters-row-lg-2 gutters-row-md-2 gutters-row-0 gutters-row-v-lg-2 gutters-row-v-md-2 gutters-row-v-2 style-526 style-local-9-c3 position-relative\">\n        <!---->\n        <div class=\"h-row justify-content-lg-center justify-content-md-center justify-content-center align-items-lg-stretch align-items-md-stretch align-items-stretch gutters-col-lg-2 gutters-col-md-2 gutters-col-0 gutters-col-v-lg-2 gutters-col-v-md-2 gutters-col-v-2\">\n          <!---->\n          <div class=\"h-column h-column-container d-flex h-col-lg-auto h-col-md-auto h-col-auto style-527-outer style-local-9-c4-outer\">\n            <div data-colibri-id=\"9-c4\" class=\"d-flex h-flex-basis h-column__inner h-px-lg-2 h-px-md-2 h-px-2 v-inner-lg-2 v-inner-md-2 v-inner-2 style-527 style-local-9-c4 position-relative\">\n              <!---->\n              <!---->\n              <div class=\"w-100 h-y-container h-column__content h-column__v-align flex-basis-100 align-self-lg-start align-self-md-start align-self-start\">\n                <!---->\n                <div data-colibri-id=\"9-c5\" class=\"h-lead h-text h-text-component style-528 style-local-9-c5 position-relative h-element\">\n                  <!---->\n                  <!---->\n                  <div class=\"\">\n                    <p>ERIC LANGERMANN\n                      <br>Coach Praticien en \u00c9nerg\u00e9tique de M\u00e9decine Chinoise\n                      <br>(soins de bien-\u00eatre)\n                      <br>\n                    <\/p>\n                    <p>STRASBOURG quartier Wacken &#8211; Orangerie ou \u00e0 domicile\n                      <br>\n                    <\/p>\n                    <p>06 73 98 45 60<\/p>\n                    <p>email : etl67@pm.me\n                      <br>\n                      <br>SUR RDV Uniquement\n                      <br>prise de rdv par t\u00e9l\u00e9phone, SMS, Whastapp, ou en ligne\n                      <br>\n                      <br>Mes Tarifs : 60 euros pour 1 Heure* ou 100 euros \u00e0 domicile\n                      <br>*Personnes \u00e0 faibles moyens : me contacter\n                      <br>\n                      <br>NOTE : Clubs de Fitness, Spas\/piscines, h\u00f4tels et institutions : me contacter\n                      <br>\n                    <\/p>\n                  <\/div>\n                <\/div>\n                <div data-colibri-id=\"9-c6\" class=\"h-x-container style-529 style-local-9-c6 position-relative h-element\">\n                  <!---->\n                  <div class=\"h-x-container-inner style-dynamic-9-c6-group style-529-spacing style-local-9-c6-spacing\"><span class=\"h-link__outer style-530-outer style-local-9-c7-outer d-inline-flex h-element\"><a h-use-smooth-scroll=\"true\" href=\"https:\/\/zcal.co\/i\/rfCEFoAd\"  data-colibri-id=\"9-c7\" class=\"d-flex w-100 align-items-center h-link style-530 style-local-9-c7 position-relative\"><!----><!----> <span>Calendrier en Ligne :  CLIQUEZ ICI<\/span><\/a>\n                    <\/span>\n                  <\/div>\n                <\/div>\n              <\/div>\n            <\/div>\n          <\/div>\n        <\/div>\n      <\/div>\n    <\/div>\n  <\/div>\n<\/div>","protected":false},"excerpt":{"rendered":"<p>ERIC LANGERMANN Coach Praticien en \u00c9nerg\u00e9tique de M\u00e9decine Chinoise (soins de bien-\u00eatre) STRASBOURG quartier Wacken &#8211; Orangerie ou \u00e0 domicile 06 73 98 45 60 email : etl67@pm.me SUR RDV Uniquement prise de rdv par t\u00e9l\u00e9phone, SMS, Whastapp, ou en ligne Mes Tarifs : 60 euros pour 1 Heure* ou 100 euros \u00e0 domicile *Personnes [&hellip;]<\/p>\n","protected":false},"author":1,"featured_media":0,"parent":0,"menu_order":2,"comment_status":"closed","ping_status":"closed","template":"page-templates\/full-width-page.php","meta":{"footnotes":""},"class_list":["post-9","page","type-page","status-publish","hentry"],"yoast_head":"<!-- This site is optimized with the Yoast SEO plugin v26.8 - https:\/\/yoast.com\/product\/yoast-seo-wordpress\/ -->\n<title>INFOS - Eric Langermann - massage tuina \u00e0 Strasbourg<\/title>\n<meta name=\"robots\" content=\"index, follow, max-snippet:-1, max-image-preview:large, max-video-preview:-1\" \/>\n<link rel=\"canonical\" href=\"https:\/\/yunmen.fr\/index.php\/contact\/\" \/>\n<meta property=\"og:locale\" content=\"fr_FR\" \/>\n<meta property=\"og:type\" content=\"article\" \/>\n<meta property=\"og:title\" content=\"INFOS - Eric Langermann - massage tuina \u00e0 Strasbourg\" \/>\n<meta property=\"og:description\" content=\"ERIC LANGERMANN Coach Praticien en \u00c9nerg\u00e9tique de M\u00e9decine Chinoise (soins de bien-\u00eatre) STRASBOURG quartier Wacken &#8211; Orangerie ou \u00e0 domicile 06 73 98 45 60 email : etl67@pm.me SUR RDV Uniquement prise de rdv par t\u00e9l\u00e9phone, SMS, Whastapp, ou en ligne Mes Tarifs : 60 euros pour 1 Heure* ou 100 euros \u00e0 domicile *Personnes [&hellip;]\" \/>\n<meta property=\"og:url\" content=\"https:\/\/yunmen.fr\/index.php\/contact\/\" \/>\n<meta property=\"og:site_name\" content=\"Eric Langermann - massage tuina \u00e0 Strasbourg\" \/>\n<meta property=\"article:modified_time\" content=\"2024-07-24T18:16:25+00:00\" \/>\n<meta name=\"twitter:card\" content=\"summary_large_image\" \/>\n<script type=\"application\/ld+json\" class=\"yoast-schema-graph\">{\"@context\":\"https:\/\/schema.org\",\"@graph\":[{\"@type\":\"WebPage\",\"@id\":\"https:\/\/yunmen.fr\/index.php\/contact\/\",\"url\":\"https:\/\/yunmen.fr\/index.php\/contact\/\",\"name\":\"INFOS - Eric Langermann - massage tuina \u00e0 Strasbourg\",\"isPartOf\":{\"@id\":\"https:\/\/yunmen.fr\/#website\"},\"datePublished\":\"2019-01-22T16:21:15+00:00\",\"dateModified\":\"2024-07-24T18:16:25+00:00\",\"breadcrumb\":{\"@id\":\"https:\/\/yunmen.fr\/index.php\/contact\/#breadcrumb\"},\"inLanguage\":\"fr-FR\",\"potentialAction\":[{\"@type\":\"ReadAction\",\"target\":[\"https:\/\/yunmen.fr\/index.php\/contact\/\"]}]},{\"@type\":\"BreadcrumbList\",\"@id\":\"https:\/\/yunmen.fr\/index.php\/contact\/#breadcrumb\",\"itemListElement\":[{\"@type\":\"ListItem\",\"position\":1,\"name\":\"Accueil\",\"item\":\"https:\/\/yunmen.fr\/\"},{\"@type\":\"ListItem\",\"position\":2,\"name\":\"INFOS\"}]},{\"@type\":\"WebSite\",\"@id\":\"https:\/\/yunmen.fr\/#website\",\"url\":\"https:\/\/yunmen.fr\/\",\"name\":\"Eric Langermann - massage tuina \u00e0 Strasbourg\",\"description\":\"\",\"publisher\":{\"@id\":\"https:\/\/yunmen.fr\/#organization\"},\"potentialAction\":[{\"@type\":\"SearchAction\",\"target\":{\"@type\":\"EntryPoint\",\"urlTemplate\":\"https:\/\/yunmen.fr\/?s={search_term_string}\"},\"query-input\":{\"@type\":\"PropertyValueSpecification\",\"valueRequired\":true,\"valueName\":\"search_term_string\"}}],\"inLanguage\":\"fr-FR\"},{\"@type\":\"Organization\",\"@id\":\"https:\/\/yunmen.fr\/#organization\",\"name\":\"Eric Langermann - massage tuina \u00e0 Strasbourg\",\"url\":\"https:\/\/yunmen.fr\/\",\"logo\":{\"@type\":\"ImageObject\",\"inLanguage\":\"fr-FR\",\"@id\":\"https:\/\/yunmen.fr\/#\/schema\/logo\/image\/\",\"url\":\"https:\/\/yunmen.fr\/wp-content\/uploads\/2021\/01\/cropped-cropped-cropped-cropped-arbre-de-vie-perce4.jpg\",\"contentUrl\":\"https:\/\/yunmen.fr\/wp-content\/uploads\/2021\/01\/cropped-cropped-cropped-cropped-arbre-de-vie-perce4.jpg\",\"width\":509,\"height\":509,\"caption\":\"Eric Langermann - massage tuina \u00e0 Strasbourg\"},\"image\":{\"@id\":\"https:\/\/yunmen.fr\/#\/schema\/logo\/image\/\"}}]}<\/script>\n<!-- \/ Yoast SEO plugin. -->","yoast_head_json":{"title":"INFOS - Eric Langermann - massage tuina \u00e0 Strasbourg","robots":{"index":"index","follow":"follow","max-snippet":"max-snippet:-1","max-image-preview":"max-image-preview:large","max-video-preview":"max-video-preview:-1"},"canonical":"https:\/\/yunmen.fr\/index.php\/contact\/","og_locale":"fr_FR","og_type":"article","og_title":"INFOS - Eric Langermann - massage tuina \u00e0 Strasbourg","og_description":"ERIC LANGERMANN Coach Praticien en \u00c9nerg\u00e9tique de M\u00e9decine Chinoise (soins de bien-\u00eatre) STRASBOURG quartier Wacken &#8211; Orangerie ou \u00e0 domicile 06 73 98 45 60 email : etl67@pm.me SUR RDV Uniquement prise de rdv par t\u00e9l\u00e9phone, SMS, Whastapp, ou en ligne Mes Tarifs : 60 euros pour 1 Heure* ou 100 euros \u00e0 domicile *Personnes [&hellip;]","og_url":"https:\/\/yunmen.fr\/index.php\/contact\/","og_site_name":"Eric Langermann - massage tuina \u00e0 Strasbourg","article_modified_time":"2024-07-24T18:16:25+00:00","twitter_card":"summary_large_image","schema":{"@context":"https:\/\/schema.org","@graph":[{"@type":"WebPage","@id":"https:\/\/yunmen.fr\/index.php\/contact\/","url":"https:\/\/yunmen.fr\/index.php\/contact\/","name":"INFOS - Eric Langermann - massage tuina \u00e0 Strasbourg","isPartOf":{"@id":"https:\/\/yunmen.fr\/#website"},"datePublished":"2019-01-22T16:21:15+00:00","dateModified":"2024-07-24T18:16:25+00:00","breadcrumb":{"@id":"https:\/\/yunmen.fr\/index.php\/contact\/#breadcrumb"},"inLanguage":"fr-FR","potentialAction":[{"@type":"ReadAction","target":["https:\/\/yunmen.fr\/index.php\/contact\/"]}]},{"@type":"BreadcrumbList","@id":"https:\/\/yunmen.fr\/index.php\/contact\/#breadcrumb","itemListElement":[{"@type":"ListItem","position":1,"name":"Accueil","item":"https:\/\/yunmen.fr\/"},{"@type":"ListItem","position":2,"name":"INFOS"}]},{"@type":"WebSite","@id":"https:\/\/yunmen.fr\/#website","url":"https:\/\/yunmen.fr\/","name":"Eric Langermann - massage tuina \u00e0 Strasbourg","description":"","publisher":{"@id":"https:\/\/yunmen.fr\/#organization"},"potentialAction":[{"@type":"SearchAction","target":{"@type":"EntryPoint","urlTemplate":"https:\/\/yunmen.fr\/?s={search_term_string}"},"query-input":{"@type":"PropertyValueSpecification","valueRequired":true,"valueName":"search_term_string"}}],"inLanguage":"fr-FR"},{"@type":"Organization","@id":"https:\/\/yunmen.fr\/#organization","name":"Eric Langermann - massage tuina \u00e0 Strasbourg","url":"https:\/\/yunmen.fr\/","logo":{"@type":"ImageObject","inLanguage":"fr-FR","@id":"https:\/\/yunmen.fr\/#\/schema\/logo\/image\/","url":"https:\/\/yunmen.fr\/wp-content\/uploads\/2021\/01\/cropped-cropped-cropped-cropped-arbre-de-vie-perce4.jpg","contentUrl":"https:\/\/yunmen.fr\/wp-content\/uploads\/2021\/01\/cropped-cropped-cropped-cropped-arbre-de-vie-perce4.jpg","width":509,"height":509,"caption":"Eric Langermann - massage tuina \u00e0 Strasbourg"},"image":{"@id":"https:\/\/yunmen.fr\/#\/schema\/logo\/image\/"}}]}},"_links":{"self":[{"href":"https:\/\/yunmen.fr\/index.php\/wp-json\/wp\/v2\/pages\/9","targetHints":{"allow":["GET"]}}],"collection":[{"href":"https:\/\/yunmen.fr\/index.php\/wp-json\/wp\/v2\/pages"}],"about":[{"href":"https:\/\/yunmen.fr\/index.php\/wp-json\/wp\/v2\/types\/page"}],"author":[{"embeddable":true,"href":"https:\/\/yunmen.fr\/index.php\/wp-json\/wp\/v2\/users\/1"}],"replies":[{"embeddable":true,"href":"https:\/\/yunmen.fr\/index.php\/wp-json\/wp\/v2\/comments?post=9"}],"version-history":[{"count":20,"href":"https:\/\/yunmen.fr\/index.php\/wp-json\/wp\/v2\/pages\/9\/revisions"}],"predecessor-version":[{"id":2191,"href":"https:\/\/yunmen.fr\/index.php\/wp-json\/wp\/v2\/pages\/9\/revisions\/2191"}],"wp:attachment":[{"href":"https:\/\/yunmen.fr\/index.php\/wp-json\/wp\/v2\/media?parent=9"}],"curies":[{"name":"wp","href":"https:\/\/api.w.org\/{rel}","templated":true}]}}